{"id":2949,"date":"2025-05-06T10:32:25","date_gmt":"2025-05-06T10:32:25","guid":{"rendered":"https:\/\/synergy-recruit.com\/?page_id=2949"},"modified":"2025-05-06T10:56:22","modified_gmt":"2025-05-06T10:56:22","slug":"juliana","status":"publish","type":"page","link":"https:\/\/synergy-recruit.com\/de\/juliana\/","title":{"rendered":"RonaJuliana"},"content":{"rendered":"<div data-elementor-type=\"wp-page\" data-elementor-id=\"2949\" class=\"elementor elementor-2949\">\n\t\t\t\t\t\t<section class=\"elementor-section elementor-top-section elementor-element elementor-element-5ac9efba0 elementor-section-height-min-height elementor-section-boxed elementor-section-height-default elementor-section-items-middle wpr-particle-no wpr-jarallax-no wpr-parallax-no wpr-sticky-section-no wpr-equal-height-no\" data-id=\"5ac9efba0\" data-element_type=\"section\" data-e-type=\"section\" data-settings=\"{&quot;background_background&quot;:&quot;classic&quot;,&quot;shape_divider_bottom&quot;:&quot;tilt&quot;}\">\n\t\t\t\t\t\t\t<div class=\"elementor-background-overlay\"><\/div>\n\t\t\t\t\t\t<div class=\"elementor-shape elementor-shape-bottom\" aria-hidden=\"true\" data-negative=\"false\">\n\t\t\t<svg xmlns=\"http:\/\/www.w3.org\/2000\/svg\" viewbox=\"0 0 1000 100\" preserveaspectratio=\"none\">\n\t<path class=\"elementor-shape-fill\" d=\"M0,6V0h1000v100L0,6z\"\/>\n<\/svg>\t\t<\/div>\n\t\t\t\t\t<div class=\"elementor-container elementor-column-gap-default\">\n\t\t\t\t\t<div class=\"elementor-column elementor-col-100 elementor-top-column elementor-element elementor-element-6fb666e6\" data-id=\"6fb666e6\" data-element_type=\"column\" data-e-type=\"column\">\n\t\t\t<div class=\"elementor-widget-wrap elementor-element-populated\">\n\t\t\t\t\t\t<div class=\"elementor-element elementor-element-3c02838 animated-slow elementor-invisible elementor-widget elementor-widget-elementskit-heading\" data-id=\"3c02838\" data-element_type=\"widget\" data-e-type=\"widget\" data-settings=\"{&quot;_animation&quot;:&quot;fadeInUp&quot;,&quot;_animation_delay&quot;:1000}\" data-widget_type=\"elementskit-heading.default\">\n\t\t\t\t<div class=\"elementor-widget-container\">\n\t\t\t\t\t<div class=\"ekit-wid-con\" ><div class=\"ekit-heading elementskit-section-title-wraper text_center   ekit_heading_tablet-text_center   ekit_heading_mobile-text_center\"><h2 class=\"ekit-heading--title elementskit-section-title\">Juliana Kiwala Rehm<\/h2><\/div><\/div>\t\t\t\t<\/div>\n\t\t\t\t<\/div>\n\t\t\t\t<div class=\"elementor-element elementor-element-f7cc10c animated-slow elementor-widget-divider--view-line elementor-invisible elementor-widget elementor-widget-divider\" data-id=\"f7cc10c\" data-element_type=\"widget\" data-e-type=\"widget\" data-settings=\"{&quot;_animation&quot;:&quot;fadeInLeft&quot;,&quot;_animation_delay&quot;:200}\" data-widget_type=\"divider.default\">\n\t\t\t\t<div class=\"elementor-widget-container\">\n\t\t\t\t\t\t\t<div class=\"elementor-divider\">\n\t\t\t<span class=\"elementor-divider-separator\">\n\t\t\t\t\t\t<\/span>\n\t\t<\/div>\n\t\t\t\t\t\t<\/div>\n\t\t\t\t<\/div>\n\t\t\t\t\t<\/div>\n\t\t<\/div>\n\t\t\t\t\t<\/div>\n\t\t<\/section>\n\t\t\t\t<section class=\"elementor-section elementor-top-section elementor-element elementor-element-2ea29cbd elementor-section-boxed elementor-section-height-default elementor-section-height-default wpr-particle-no wpr-jarallax-no wpr-parallax-no wpr-sticky-section-no wpr-equal-height-no\" data-id=\"2ea29cbd\" data-element_type=\"section\" data-e-type=\"section\" data-settings=\"{&quot;background_background&quot;:&quot;classic&quot;}\">\n\t\t\t\t\t\t<div class=\"elementor-container elementor-column-gap-default\">\n\t\t\t\t\t<div class=\"elementor-column elementor-col-100 elementor-top-column elementor-element elementor-element-66860cb animated-slow elementor-invisible\" data-id=\"66860cb\" data-element_type=\"column\" data-e-type=\"column\" data-settings=\"{&quot;animation&quot;:&quot;fadeInRight&quot;,&quot;animation_delay&quot;:100,&quot;background_background&quot;:&quot;classic&quot;}\">\n\t\t\t<div class=\"elementor-widget-wrap elementor-element-populated\">\n\t\t\t\t\t\t<div class=\"elementor-element elementor-element-2fa1cfd elementor-widget elementor-widget-image\" data-id=\"2fa1cfd\" data-element_type=\"widget\" data-e-type=\"widget\" data-widget_type=\"image.default\">\n\t\t\t\t<div class=\"elementor-widget-container\">\n\t\t\t\t\t\t\t\t\t\t\t\t\t\t\t<img fetchpriority=\"high\" decoding=\"async\" width=\"551\" height=\"633\" src=\"https:\/\/synergy-recruit.com\/wp-content\/uploads\/2025\/05\/csdd.png\" class=\"attachment-large size-large wp-image-2945\" alt=\"\" srcset=\"https:\/\/synergy-recruit.com\/wp-content\/uploads\/2025\/05\/csdd.png 551w, https:\/\/synergy-recruit.com\/wp-content\/uploads\/2025\/05\/csdd-261x300.png 261w, https:\/\/synergy-recruit.com\/wp-content\/uploads\/2025\/05\/csdd-10x12.png 10w\" sizes=\"(max-width: 551px) 100vw, 551px\" \/>\t\t\t\t\t\t\t\t\t\t\t\t\t\t\t<\/div>\n\t\t\t\t<\/div>\n\t\t\t\t<div class=\"elementor-element elementor-element-0e7dd8c animated-slow elementor-widget-mobile__width-initial elementor-widget__width-initial elementor-widget elementor-widget-elementskit-heading\" data-id=\"0e7dd8c\" data-element_type=\"widget\" data-e-type=\"widget\" data-settings=\"{&quot;_animation&quot;:&quot;none&quot;,&quot;_animation_delay&quot;:1000}\" data-widget_type=\"elementskit-heading.default\">\n\t\t\t\t<div class=\"elementor-widget-container\">\n\t\t\t\t\t<div class=\"ekit-wid-con\" ><div class=\"ekit-heading elementskit-section-title-wraper text_center   ekit_heading_tablet-text_center   ekit_heading_mobile-text_center\"><h2 class=\"ekit-heading--title elementskit-section-title\">Juliana Kiwala Rehm<\/h2><\/div><\/div>\t\t\t\t<\/div>\n\t\t\t\t<\/div>\n\t\t\t\t<div class=\"elementor-element elementor-element-c61fb79 animated-slow elementor-widget-mobile__width-initial elementor-widget__width-initial elementor-widget elementor-widget-elementskit-heading\" data-id=\"c61fb79\" data-element_type=\"widget\" data-e-type=\"widget\" data-settings=\"{&quot;_animation&quot;:&quot;none&quot;,&quot;_animation_delay&quot;:1000}\" data-widget_type=\"elementskit-heading.default\">\n\t\t\t\t<div class=\"elementor-widget-container\">\n\t\t\t\t\t<div class=\"ekit-wid-con\" ><div class=\"ekit-heading elementskit-section-title-wraper text_center   ekit_heading_tablet-text_center   ekit_heading_mobile-text_center\"><h2 class=\"ekit-heading--title elementskit-section-title\">Fach\u00e4rztin f\u00fcr Allgemeinmedizin | Master of Public Health<\/h2>\t\t\t\t<div class='ekit-heading__description'>\n\t\t\t\t\t<p>Mitgr\u00fcnderin der Synergy Recruit GmbH | Vorsitzende des Hamburg Kyadondo Intercultural Association<\/p>\n\t\t\t\t<\/div>\n\t\t\t<\/div><\/div>\t\t\t\t<\/div>\n\t\t\t\t<\/div>\n\t\t\t\t<div class=\"elementor-element elementor-element-c0981ad elementor-widget elementor-widget-text-editor\" data-id=\"c0981ad\" data-element_type=\"widget\" data-e-type=\"widget\" data-widget_type=\"text-editor.default\">\n\t\t\t\t<div class=\"elementor-widget-container\">\n\t\t\t\t\t\t\t\t\t<p>Juliana Kiwala Rehm hat Medizin an der Makerere-Universit\u00e4t in Uganda studiert und einen Master of Public Health in Hamburg erworben. Sie lebt seit vielen Jahren in Deutschland, hat das Anerkennungsverfahren f\u00fcr ausl\u00e4ndische \u00c4rztinnen und \u00c4rzte erfolgreich abgeschlossen und arbeitet nun als Fach\u00e4rztin f\u00fcr Allgemeinmedizin in Hamburg.<\/p>\t\t\t\t\t\t\t\t<\/div>\n\t\t\t\t<\/div>\n\t\t\t\t<div class=\"elementor-element elementor-element-26e4218 elementor-widget elementor-widget-text-editor\" data-id=\"26e4218\" data-element_type=\"widget\" data-e-type=\"widget\" data-widget_type=\"text-editor.default\">\n\t\t\t\t<div class=\"elementor-widget-container\">\n\t\t\t\t\t\t\t\t\t<p>Als Mitgr\u00fcnderin der Synergy Recruit GmbH verbindet sie medizinisches Fachwissen mit interkultureller Kompetenz und pers\u00f6nlichen Erfahrungen in der Integration internationaler Fachkr\u00e4fte im Gesundheitswesen. Au\u00dferdem ist sie Vorsitzende des Hamburg Kyadondo Intercultural Association, wo sie sich f\u00fcr Inklusion, Bildung und Chancengleichheit von Migrantinnen und Migranten einsetzt.<\/p>\t\t\t\t\t\t\t\t<\/div>\n\t\t\t\t<\/div>\n\t\t\t\t<div class=\"elementor-element elementor-element-1dc39c7 elementor-widget elementor-widget-text-editor\" data-id=\"1dc39c7\" data-element_type=\"widget\" data-e-type=\"widget\" data-widget_type=\"text-editor.default\">\n\t\t\t\t<div class=\"elementor-widget-container\">\n\t\t\t\t\t\t\t\t\t<p>Sie hat sich au\u00dferdem an Gemeinschaftsprojekten wie dem Programm \u201eStadtteilm\u00fctter\u201c der Diakonie Hamburg beteiligt und dabei wertvolle Erfahrungen in der Integration auf lokaler Ebene gesammelt.<\/p>\t\t\t\t\t\t\t\t<\/div>\n\t\t\t\t<\/div>\n\t\t\t\t<div class=\"elementor-element elementor-element-65b6c00 elementor-widget elementor-widget-text-editor\" data-id=\"65b6c00\" data-element_type=\"widget\" data-e-type=\"widget\" data-widget_type=\"text-editor.default\">\n\t\t\t\t<div class=\"elementor-widget-container\">\n\t\t\t\t\t\t\t\t\t<p><strong>Durch ihren eigenen beruflichen Werdegang kennt Juliana sowohl die Erwartungen deutscher Arbeitgeber im Gesundheitswesen als auch die Bed\u00fcrfnisse internationaler Fachkr\u00e4fte. Ihre doppelte Perspektive stellt sicher, dass die Vermittlung nicht nur effektiv, sondern auch nachhaltig und kulturell sensibel erfolgt.<\/strong><\/p>\t\t\t\t\t\t\t\t<\/div>\n\t\t\t\t<\/div>\n\t\t\t\t\t<\/div>\n\t\t<\/div>\n\t\t\t\t\t<\/div>\n\t\t<\/section>\n\t\t\t\t<\/div>","protected":false},"excerpt":{"rendered":"<p>Juliana Kiwala Rehm Juliana Kiwala Rehm Specialist in General Medicine | Master of Public Health Co-Founder of Synergy Recruit GmbH | Chairwoman of Hamburg Kyadondo Intercultural Association Juliana Kiwala Rehm studied medicine at Makerere University in Uganda and holds a Master of Public Health from Hamburg. She has lived in Germany for many years, successfully completed the recognition process for foreign physicians, and now works as a specialist in general medicine in Hamburg. As co-founder of Synergy Recruit GmbH, she combines medical expertise with intercultural competence and personal experience in integrating international healthcare professionals. She is also chairwoman of Hamburg Kyadondo Intercultural Association, where she advocates for inclusion, education, and equal opportunities for migrants. She has also contributed to community projects like the &#8216;Stadtteilm\u00fctter&#8217; (Neighborhood Mothers) program of Diakonie Hamburg, gaining valuable experience in grassroots integration. Through her own professional journey, Juliana understands both the expectations of German healthcare employers and the needs of international professionals. Her dual perspective ensures that recruitment is not only effective, but sustainable and culturally sensitive.<\/p>","protected":false},"author":4,"featured_media":0,"parent":0,"menu_order":0,"comment_status":"closed","ping_status":"closed","template":"","meta":{"site-sidebar-layout":"no-sidebar","site-content-layout":"","ast-site-content-layout":"full-width-container","site-content-style":"default","site-sidebar-style":"default","ast-global-header-display":"","ast-banner-title-visibility":"","ast-main-header-display":"","ast-hfb-above-header-display":"","ast-hfb-below-header-display":"","ast-hfb-mobile-header-display":"","site-post-title":"disabled","ast-breadcrumbs-content":"","ast-featured-img":"disabled","footer-sml-layout":"","ast-disable-related-posts":"","theme-transparent-header-meta":"","adv-header-id-meta":"","stick-header-meta":"","header-above-stick-meta":"","header-main-stick-meta":"","header-below-stick-meta":"","astra-migrate-meta-layouts":"default","ast-page-background-enabled":"default","ast-page-background-meta":{"desktop":{"background-color":"var(--ast-global-color-4)","background-image":"","background-repeat":"repeat","background-position":"center center","background-size":"auto","background-attachment":"scroll","background-type":"","background-media":"","overlay-type":"","overlay-color":"","overlay-opacity":"","overlay-gradient":""},"tablet":{"background-color":"","background-image":"","background-repeat":"repeat","background-position":"center center","background-size":"auto","background-attachment":"scroll","background-type":"","background-media":"","overlay-type":"","overlay-color":"","overlay-opacity":"","overlay-gradient":""},"mobile":{"background-color":"","background-image":"","background-repeat":"repeat","background-position":"center center","background-size":"auto","background-attachment":"scroll","background-type":"","background-media":"","overlay-type":"","overlay-color":"","overlay-opacity":"","overlay-gradient":""}},"ast-content-background-meta":{"desktop":{"background-color":"var(--ast-global-color-5)","background-image":"","background-repeat":"repeat","background-position":"center center","background-size":"auto","background-attachment":"scroll","background-type":"","background-media":"","overlay-type":"","overlay-color":"","overlay-opacity":"","overlay-gradient":""},"tablet":{"background-color":"var(--ast-global-color-5)","background-image":"","background-repeat":"repeat","background-position":"center center","background-size":"auto","background-attachment":"scroll","background-type":"","background-media":"","overlay-type":"","overlay-color":"","overlay-opacity":"","overlay-gradient":""},"mobile":{"background-color":"var(--ast-global-color-5)","background-image":"","background-repeat":"repeat","background-position":"center center","background-size":"auto","background-attachment":"scroll","background-type":"","background-media":"","overlay-type":"","overlay-color":"","overlay-opacity":"","overlay-gradient":""}},"footnotes":""},"class_list":["post-2949","page","type-page","status-publish","hentry"],"rttpg_featured_image_url":null,"rttpg_author":{"display_name":"Paulatte","author_link":"https:\/\/synergy-recruit.com\/de\/author\/paulatte\/"},"rttpg_comment":0,"rttpg_category":null,"rttpg_excerpt":"Juliana Kiwala Rehm Juliana Kiwala Rehm Specialist in General Medicine | Master of Public Health Co-Founder of Synergy Recruit GmbH | Chairwoman of Hamburg Kyadondo Intercultural Association Juliana Kiwala Rehm studied medicine at Makerere University in Uganda and holds a Master of Public Health from Hamburg. She has lived in Germany for many years, successfully&hellip;","_links":{"self":[{"href":"https:\/\/synergy-recruit.com\/de\/wp-json\/wp\/v2\/pages\/2949","targetHints":{"allow":["GET"]}}],"collection":[{"href":"https:\/\/synergy-recruit.com\/de\/wp-json\/wp\/v2\/pages"}],"about":[{"href":"https:\/\/synergy-recruit.com\/de\/wp-json\/wp\/v2\/types\/page"}],"author":[{"embeddable":true,"href":"https:\/\/synergy-recruit.com\/de\/wp-json\/wp\/v2\/users\/4"}],"replies":[{"embeddable":true,"href":"https:\/\/synergy-recruit.com\/de\/wp-json\/wp\/v2\/comments?post=2949"}],"version-history":[{"count":14,"href":"https:\/\/synergy-recruit.com\/de\/wp-json\/wp\/v2\/pages\/2949\/revisions"}],"predecessor-version":[{"id":2988,"href":"https:\/\/synergy-recruit.com\/de\/wp-json\/wp\/v2\/pages\/2949\/revisions\/2988"}],"wp:attachment":[{"href":"https:\/\/synergy-recruit.com\/de\/wp-json\/wp\/v2\/media?parent=2949"}],"curies":[{"name":"wp","href":"https:\/\/api.w.org\/{rel}","templated":true}]}}